{"id":768,"date":"2017-09-10T22:04:06","date_gmt":"2017-09-10T22:04:06","guid":{"rendered":"http:\/\/restauranteelden.com\/?page_id=768"},"modified":"2017-09-17T05:43:12","modified_gmt":"2017-09-17T05:43:12","slug":"sopas-y-consomes","status":"publish","type":"page","link":"https:\/\/restauranteelden.com\/ACFElDen\/sopas-y-consomes\/","title":{"rendered":"Sopas y Consom\u00e9s"},"content":{"rendered":"<div id=\"pl-768\"  class=\"panel-layout\" ><div id=\"pg-768-0\"  class=\"panel-grid panel-has-style\" ><div style=\"padding: 0px 0; \" data-overlay=\"true\" data-overlay-color=\"#000000\" class=\"panel-row-style panel-row-style-for-768-0\" ><div id=\"pgc-768-0-0\"  class=\"panel-grid-cell\" ><div id=\"panel-768-0-0-0\" class=\"so-panel widget widget_wpmegamenu_widget panel-first-child panel-last-child\" data-index=\"0\" ><div style=\"text-align: left;\" data-title-color=\"#443f3f\" data-headings-color=\"#443f3f\" class=\"panel-widget-style panel-widget-style-for-768-0-0-0\" ><\/div><\/div><\/div><\/div><\/div><div id=\"pg-768-1\"  class=\"panel-grid panel-has-style\" ><div style=\"padding: 100px 0; \" data-overlay=\"true\" class=\"panel-row-style panel-row-style-for-768-1\" ><div id=\"pgc-768-1-0\"  class=\"panel-grid-cell\" ><div id=\"panel-768-1-0-0\" class=\"so-panel widget widget_fdm_widget_menu panel-first-child panel-last-child\" data-index=\"1\" ><div style=\"text-align: left;\" data-title-color=\"#443f3f\" data-headings-color=\"#443f3f\" class=\"panel-widget-style panel-widget-style-for-768-1-0-0\" ><h3 class=\"widget-title\">Sopas y Consom\u00e9s<\/h3><style>.fdm-section-header p { display: none; }.fdm-item-title, .fdm-item-image { cursor: pointer; }<\/style>\n\n\n<div class=\"fdm-menu-filtering\">\n\t<\/div>\n\n<div class=\"fdm-the-menu\">\n\n\n\n<ul id=\"fdm-menu-1\" class=\"fdm-menu fdm-menu-750 fdm-menu-classic fdm-menu-sidebar- fdm-columns-1 fdm-layout-classic clearfix\">\n\n\n\t<li class=\"fdm-column fdm-column-0 fdm-column-last\">\n\n\t<ul class=\"fdm-section fdm-sectionid-26 fdm-section-sopas-y-consomes fdm-section-one\">\n\t<li class=\"fdm-section-header\" id=\"fdm-section-header-sopas-y-consomes\">\n\n\t\t\t\t\n\t\t\n\t\t\t\t\t<h3 class=''>Sopas y Consom\u00e9s<\/h3>\n\t\t\n\t\t\n\t\t\n\t<\/li>\n\t\n\t\t<li class=\"fdm-item fdm-item-ajax-open fdm-item-has-price\" data-postid=\"694\" data-section=\"26\" data-timeadded=\"1505079047\">\n\t\n\t\t\n\t\t<div class=\"fdm-item-panel\" data-price=\"95.90\">\n\n\t\t\t<div class=\"fdm-item-non-image-container\">\n<p class=\"fdm-item-title\">Caldo Tlalpe\u00f1o<\/p><div class=\"fdm-item-price-wrapper\" data-min_price='1000000' data-max_price='0'>\n\t\t\t<div class=\"fdm-item-price\">95.90<\/div>\n\t<\/div>\n<div class=\"fdm-item-content\">\n\t<p>Caldo de pollo con arroz, chile chipotle y aguacate.<\/p>\n<\/div>\n<\/div>\n\t\t\t<div class=\"clearfix\"><\/div>\n\t\t<\/div>\n\n\t\t\n\t\t<\/li>\n\t\n\n\n\t\t<li class=\"fdm-item fdm-item-ajax-open fdm-item-has-price\" data-postid=\"696\" data-section=\"26\" data-timeadded=\"1505079129\">\n\t\n\t\t\n\t\t<div class=\"fdm-item-panel\" data-price=\"95.90\">\n\n\t\t\t<div class=\"fdm-item-non-image-container\">\n<p class=\"fdm-item-title\">Puchero de Res<\/p><div class=\"fdm-item-price-wrapper\" data-min_price='1000000' data-max_price='0'>\n\t\t\t<div class=\"fdm-item-price\">95.90<\/div>\n\t<\/div>\n<div class=\"fdm-item-content\">\n\t<p>Caldo de res con arroz.<\/p>\n<\/div>\n<\/div>\n\t\t\t<div class=\"clearfix\"><\/div>\n\t\t<\/div>\n\n\t\t\n\t\t<\/li>\n\t\n\n\n\t\t<li class=\"fdm-item fdm-item-ajax-open fdm-item-has-price\" data-postid=\"698\" data-section=\"26\" data-timeadded=\"1505079197\">\n\t\n\t\t\n\t\t<div class=\"fdm-item-panel\" data-price=\"95.90\">\n\n\t\t\t<div class=\"fdm-item-non-image-container\">\n<p class=\"fdm-item-title\">Sopa de Tortilla<\/p><div class=\"fdm-item-price-wrapper\" data-min_price='1000000' data-max_price='0'>\n\t\t\t<div class=\"fdm-item-price\">95.90<\/div>\n\t<\/div>\n<div class=\"fdm-item-content\">\n\t<p>Sopa de tortilla de ma\u00edz.<\/p>\n<\/div>\n<\/div>\n\t\t\t<div class=\"clearfix\"><\/div>\n\t\t<\/div>\n\n\t\t\n\t\t<\/li>\n\t\n\n<\/ul>\n\t<\/li>\n\n\n<\/ul>\n\n\n<\/div> <!-- fdm-the-menu -->\n\n<div class=\"clearfix\"><\/div>\n\n<div class='fdm-details-div fdm-hidden'>\n\t<div class='fdm-details-div-inside'>\n\t\t<div class='fdm-details-div-exit'>\n\t\t\t<div class='fdm-details-div-exit-inside'><span class=\"dashicons dashicons-no-alt\"><\/span><\/div>\n\t\t<\/div>\n\t\t<div class='fdm-details-div-content'><\/div>\n\t<\/div>\n<\/div>\n<div class='fdm-details-background-div fdm-hidden'><\/div><\/div><\/div><\/div><\/div><\/div><\/div>","protected":false},"excerpt":{"rendered":"<p>Sopas y Consom\u00e9s Sopas y Consom\u00e9s Caldo Tlalpe\u00f1o 95.90 Caldo de pollo con arroz, chile chipotle y aguacate. Puchero de Res 95.90 [&hellip;]<\/p>\n","protected":false},"author":1,"featured_media":0,"parent":0,"menu_order":0,"comment_status":"closed","ping_status":"closed","template":"","meta":{"nf_dc_page":"","om_disable_all_campaigns":false,"_monsterinsights_skip_tracking":false,"_monsterinsights_sitenote_active":false,"_monsterinsights_sitenote_note":"","_monsterinsights_sitenote_category":0,"footnotes":""},"class_list":["post-768","page","type-page","status-publish","hentry"],"_links":{"self":[{"href":"https:\/\/restauranteelden.com\/ACFElDen\/wp-json\/wp\/v2\/pages\/768","targetHints":{"allow":["GET"]}}],"collection":[{"href":"https:\/\/restauranteelden.com\/ACFElDen\/wp-json\/wp\/v2\/pages"}],"about":[{"href":"https:\/\/restauranteelden.com\/ACFElDen\/wp-json\/wp\/v2\/types\/page"}],"author":[{"embeddable":true,"href":"https:\/\/restauranteelden.com\/ACFElDen\/wp-json\/wp\/v2\/users\/1"}],"replies":[{"embeddable":true,"href":"https:\/\/restauranteelden.com\/ACFElDen\/wp-json\/wp\/v2\/comments?post=768"}],"version-history":[{"count":4,"href":"https:\/\/restauranteelden.com\/ACFElDen\/wp-json\/wp\/v2\/pages\/768\/revisions"}],"predecessor-version":[{"id":952,"href":"https:\/\/restauranteelden.com\/ACFElDen\/wp-json\/wp\/v2\/pages\/768\/revisions\/952"}],"wp:attachment":[{"href":"https:\/\/restauranteelden.com\/ACFElDen\/wp-json\/wp\/v2\/media?parent=768"}],"curies":[{"name":"wp","href":"https:\/\/api.w.org\/{rel}","templated":true}]}}